{"id":85,"date":"2019-04-29T20:28:46","date_gmt":"2019-04-29T20:28:46","guid":{"rendered":"http:\/\/lourdesgarciaortodoncia.com\/?page_id=85"},"modified":"2019-07-25T04:24:25","modified_gmt":"2019-07-25T04:24:25","slug":"cirugia-bucal","status":"publish","type":"page","link":"https:\/\/lourdesgarciaortodoncia.com\/index.php\/cirugia-bucal\/","title":{"rendered":"Cirug\u00eda Bucal"},"content":{"rendered":"\n<p>Los procesos quir\u00fargicos en odontolog\u00eda son muy comunes; sin embargo, cada proceso tiene sus propias ventajas y desventajas, indicaciones y contraindicaciones.<\/p>\n\n\n\n<p>Podemos vernos en la necesidad de realizar extracciones dentales, ya sea de un diente sano, fracturado, con endodoncia, alguno con movilidad o que est\u00e1 de m\u00e1s, retenido o incluido dentro del hueso maxilar o mandibular.<\/p>\n\n\n\n<p>La gingivectom\u00eda, gingivoplast\u00eda, curetaje cerrado, curetaje abierto, injertos de hueso, colocaci\u00f3n de implantes, tambi\u00e9n son tratamientos que han comenzado a realizarse para perfeccionar la est\u00e9tica y la oclusi\u00f3n.<\/p>\n\n\n\n<p>En el \u00e1rea de ortodoncia podemos necesitar de alguno de ellos, los cuales se realizan de manera ambulatoria, pero existen otro tipos de cirug\u00edas m\u00e1s complejas que se requieren para reacomodar los maxilares para mejorar la oclusi\u00f3n y \u00e9stas son realizadas por cirujanos maxilofaciales en quir\u00f3fano.<\/p>\n\n\n\n<p><\/p>\n","protected":false},"excerpt":{"rendered":"<p>Los procesos quir\u00fargicos en odontolog\u00eda son muy comunes; sin embargo, cada proceso tiene sus propias ventajas y desventajas, indicaciones y contraindicaciones. Podemos vernos en la necesidad de realizar extracciones dentales, ya sea de un diente sano, fracturado, con endodoncia, alguno con movilidad o que est\u00e1 de m\u00e1s, retenido o incluido dentro del hueso maxilar o &hellip; <\/p>\n","protected":false},"author":1,"featured_media":0,"parent":0,"menu_order":0,"comment_status":"closed","ping_status":"closed","template":"","meta":{"_monsterinsights_skip_tracking":false,"_monsterinsights_sitenote_active":false,"_monsterinsights_sitenote_note":"","_monsterinsights_sitenote_category":0,"_uf_show_specific_survey":0,"_uf_disable_surveys":false,"footnotes":""},"class_list":["post-85","page","type-page","status-publish","hentry"],"aioseo_notices":[],"jetpack_sharing_enabled":true,"jetpack_shortlink":"https:\/\/wp.me\/PaVZiL-1n","_links":{"self":[{"href":"https:\/\/lourdesgarciaortodoncia.com\/index.php\/wp-json\/wp\/v2\/pages\/85","targetHints":{"allow":["GET"]}}],"collection":[{"href":"https:\/\/lourdesgarciaortodoncia.com\/index.php\/wp-json\/wp\/v2\/pages"}],"about":[{"href":"https:\/\/lourdesgarciaortodoncia.com\/index.php\/wp-json\/wp\/v2\/types\/page"}],"author":[{"embeddable":true,"href":"https:\/\/lourdesgarciaortodoncia.com\/index.php\/wp-json\/wp\/v2\/users\/1"}],"replies":[{"embeddable":true,"href":"https:\/\/lourdesgarciaortodoncia.com\/index.php\/wp-json\/wp\/v2\/comments?post=85"}],"version-history":[{"count":3,"href":"https:\/\/lourdesgarciaortodoncia.com\/index.php\/wp-json\/wp\/v2\/pages\/85\/revisions"}],"predecessor-version":[{"id":234,"href":"https:\/\/lourdesgarciaortodoncia.com\/index.php\/wp-json\/wp\/v2\/pages\/85\/revisions\/234"}],"wp:attachment":[{"href":"https:\/\/lourdesgarciaortodoncia.com\/index.php\/wp-json\/wp\/v2\/media?parent=85"}],"curies":[{"name":"wp","href":"https:\/\/api.w.org\/{rel}","templated":true}]}}