{"id":77,"date":"2019-04-29T20:18:31","date_gmt":"2019-04-29T20:18:31","guid":{"rendered":"http:\/\/lourdesgarciaortodoncia.com\/?page_id=77"},"modified":"2019-07-30T00:44:25","modified_gmt":"2019-07-30T00:44:25","slug":"estetica","status":"publish","type":"page","link":"https:\/\/lourdesgarciaortodoncia.com\/index.php\/estetica\/","title":{"rendered":"Est\u00e9tica"},"content":{"rendered":"\n<p>Actualmente la parte est\u00e9tica en odontolog\u00eda ha dado paso a tratamientos nuevos, mejorados y que son pedidos cada vez m\u00e1s.<\/p>\n\n\n\n<p>Entre estos podemos encontrar:<\/p>\n\n\n\n<p>Blanqueamiento o aclaramiento dental            <\/p>\n\n\n\n<p>Gingivoplast\u00eda<\/p>\n\n\n\n<p>Carillas y coronas de zirconia<\/p>\n\n\n\n<p>Ortodoncia con Brackets cer\u00e1micos o de zafiro<\/p>\n\n\n\n<p>entre otros&#8230;. cada uno de estos tratamiento realizado como parte integral del plan de tratamiento que se requiera.<\/p>\n\n\n\n<p><\/p>\n\n\n\n<p><\/p>\n","protected":false},"excerpt":{"rendered":"<p>Actualmente la parte est\u00e9tica en odontolog\u00eda ha dado paso a tratamientos nuevos, mejorados y que son pedidos cada vez m\u00e1s. Entre estos podemos encontrar: Blanqueamiento o aclaramiento dental Gingivoplast\u00eda Carillas y coronas de zirconia Ortodoncia con Brackets cer\u00e1micos o de zafiro entre otros&#8230;. cada uno de estos tratamiento realizado como parte integral del plan de &hellip; <\/p>\n","protected":false},"author":1,"featured_media":0,"parent":0,"menu_order":0,"comment_status":"closed","ping_status":"closed","template":"","meta":{"_monsterinsights_skip_tracking":false,"_monsterinsights_sitenote_active":false,"_monsterinsights_sitenote_note":"","_monsterinsights_sitenote_category":0,"_uf_show_specific_survey":0,"_uf_disable_surveys":false,"footnotes":""},"class_list":["post-77","page","type-page","status-publish","hentry"],"aioseo_notices":[],"jetpack_sharing_enabled":true,"jetpack_shortlink":"https:\/\/wp.me\/PaVZiL-1f","_links":{"self":[{"href":"https:\/\/lourdesgarciaortodoncia.com\/index.php\/wp-json\/wp\/v2\/pages\/77","targetHints":{"allow":["GET"]}}],"collection":[{"href":"https:\/\/lourdesgarciaortodoncia.com\/index.php\/wp-json\/wp\/v2\/pages"}],"about":[{"href":"https:\/\/lourdesgarciaortodoncia.com\/index.php\/wp-json\/wp\/v2\/types\/page"}],"author":[{"embeddable":true,"href":"https:\/\/lourdesgarciaortodoncia.com\/index.php\/wp-json\/wp\/v2\/users\/1"}],"replies":[{"embeddable":true,"href":"https:\/\/lourdesgarciaortodoncia.com\/index.php\/wp-json\/wp\/v2\/comments?post=77"}],"version-history":[{"count":4,"href":"https:\/\/lourdesgarciaortodoncia.com\/index.php\/wp-json\/wp\/v2\/pages\/77\/revisions"}],"predecessor-version":[{"id":241,"href":"https:\/\/lourdesgarciaortodoncia.com\/index.php\/wp-json\/wp\/v2\/pages\/77\/revisions\/241"}],"wp:attachment":[{"href":"https:\/\/lourdesgarciaortodoncia.com\/index.php\/wp-json\/wp\/v2\/media?parent=77"}],"curies":[{"name":"wp","href":"https:\/\/api.w.org\/{rel}","templated":true}]}}