{"id":70,"date":"2019-04-29T18:12:42","date_gmt":"2019-04-29T18:12:42","guid":{"rendered":"http:\/\/lourdesgarciaortodoncia.com\/?page_id=70"},"modified":"2019-12-27T00:28:23","modified_gmt":"2019-12-27T00:28:23","slug":"ortodoncia","status":"publish","type":"page","link":"https:\/\/lourdesgarciaortodoncia.com\/index.php\/ortodoncia\/","title":{"rendered":"Ortodoncia"},"content":{"rendered":"\n<p><br><\/p>\n\n\n\n<p class=\"has-drop-cap has-text-align-left\">La ortodoncia es una rama de la odontolog\u00eda que trata la maloclusi\u00f3n, una condici\u00f3n en la cual los dientes no se encuentran correctamente posicionados cuando la boca se cierra, lo que provoca una mordida inapropiada. <\/p>\n\n\n\n<p>El tratamiento tiene como objetivo mejorar la funci\u00f3n masticatoria aunque a menudo se le considera solo de car\u00e1cter est\u00e9tico. <\/p>\n\n\n\n<p class=\"has-text-align-center\"><strong>Tipos de tratamientos:<\/strong><\/p>\n\n\n\n<p>Un ortodoncista puede realizar un trabajo que tenga como objetivo lograr lo siguiente:<\/p>\n\n\n\n<ul class=\"wp-block-list\"><li>Cerrar espacios considerables entre los dientes.<\/li><li>Alinear la inclinaci\u00f3n de los dientes.<\/li><li>Enderezar los dientes torcidos.<\/li><li>Mejorar el habla, la masticaci\u00f3n y la est\u00e9tica.<\/li><li>Aumentar la salud a largo plazo de las enc\u00edas , los dientes, huesos maxilares y articulaci\u00f3n.<\/li><li>Prevenci\u00f3n del desgaste excesivo a largo plazo o traumatismo de los dientes.<\/li><li>corregir una mala mordida producida por h\u00e1bitos como el uso del chup\u00f3n.<\/li><\/ul>\n\n\n\n<figure class=\"wp-block-image\"><img data-recalc-dims=\"1\" loading=\"lazy\" decoding=\"async\" width=\"810\" height=\"310\" src=\"https:\/\/i0.wp.com\/lourdesgarciaortodoncia.com\/wp-content\/uploads\/2019\/07\/fullsizeoutput_c3e.jpeg?resize=810%2C310\" alt=\"\" class=\"wp-image-200\" srcset=\"https:\/\/i0.wp.com\/lourdesgarciaortodoncia.com\/wp-content\/uploads\/2019\/07\/fullsizeoutput_c3e.jpeg?resize=1024%2C392&amp;ssl=1 1024w, https:\/\/i0.wp.com\/lourdesgarciaortodoncia.com\/wp-content\/uploads\/2019\/07\/fullsizeoutput_c3e.jpeg?resize=300%2C115&amp;ssl=1 300w, https:\/\/i0.wp.com\/lourdesgarciaortodoncia.com\/wp-content\/uploads\/2019\/07\/fullsizeoutput_c3e.jpeg?resize=768%2C294&amp;ssl=1 768w, https:\/\/i0.wp.com\/lourdesgarciaortodoncia.com\/wp-content\/uploads\/2019\/07\/fullsizeoutput_c3e.jpeg?resize=157%2C60&amp;ssl=1 157w, https:\/\/i0.wp.com\/lourdesgarciaortodoncia.com\/wp-content\/uploads\/2019\/07\/fullsizeoutput_c3e.jpeg?w=1846&amp;ssl=1 1846w, https:\/\/i0.wp.com\/lourdesgarciaortodoncia.com\/wp-content\/uploads\/2019\/07\/fullsizeoutput_c3e.jpeg?w=1620 1620w\" sizes=\"auto, (max-width: 810px) 100vw, 810px\" \/><figcaption>mordida cruzada, dientes desgastados<\/figcaption><\/figure>\n\n\n\n<figure class=\"wp-block-image\"><img loading=\"lazy\" decoding=\"async\" width=\"1037\" height=\"661\" src=\"https:\/\/i1.wp.com\/lourdesgarciaortodoncia.com\/wp-content\/uploads\/2019\/07\/fullsizeoutput_d82.jpeg?fit=810%2C517&amp;ssl=1\" alt=\"\" class=\"wp-image-201\" srcset=\"https:\/\/i0.wp.com\/lourdesgarciaortodoncia.com\/wp-content\/uploads\/2019\/07\/fullsizeoutput_d82.jpeg?w=1037&amp;ssl=1 1037w, https:\/\/i0.wp.com\/lourdesgarciaortodoncia.com\/wp-content\/uploads\/2019\/07\/fullsizeoutput_d82.jpeg?resize=300%2C191&amp;ssl=1 300w, https:\/\/i0.wp.com\/lourdesgarciaortodoncia.com\/wp-content\/uploads\/2019\/07\/fullsizeoutput_d82.jpeg?resize=768%2C490&amp;ssl=1 768w, https:\/\/i0.wp.com\/lourdesgarciaortodoncia.com\/wp-content\/uploads\/2019\/07\/fullsizeoutput_d82.jpeg?resize=1024%2C653&amp;ssl=1 1024w, https:\/\/i0.wp.com\/lourdesgarciaortodoncia.com\/wp-content\/uploads\/2019\/07\/fullsizeoutput_d82.jpeg?resize=94%2C60&amp;ssl=1 94w\" sizes=\"auto, (max-width: 810px) 100vw, 810px\" \/><figcaption>mordida abierta, dientes desgastados.<\/figcaption><\/figure>\n\n\n\n<p>M\u00e9rida, Yucat\u00e1n. Julio 2019<\/p>\n\n\n\n<h2 class=\"wp-block-heading\">Cuidados Especiales<\/h2>\n\n\n\n<p>Cuando se inicia tratamiento con brackets se recomiendan ciertos cuidados en casa para el uso adecuado de \u00e9stos. <\/p>\n\n\n\n<p>Aqu\u00ed te ofrecemos algunos:<\/p>\n\n\n\n<p>UTILIZA HILO DENTAL, CEPILLO Y ENJUAGUE REGULARMENTE<\/p>\n\n\n\n<p>El cepillado completo se debe realizar al menos 2 veces al d\u00eda y despu\u00e9s de cada comida (5 veces por d\u00eda). Sabemos que de manera com\u00fan la comida se puede quedar entre tus dientes, esto se incrementa alrededor de los brackets y alambres, aumentando las manchas blancas alrededor de los brackets y en el caso brackets est\u00e9ticos se pueden decolorar o bien producir mal aliento. En caso de que no tengas a mano el cepillo, no importa, el enjuagarte aunque sea con agua ayuda.<\/p>\n\n\n\n<p>PREVENIR LA IRRITACION DE LOS TEJIDOS<\/p>\n\n\n\n<p>Los brackets est\u00e9ticos est\u00e1n dise\u00f1ados con bordes redondos y suaves que ofrecen mayor comodidad; sin embargo, cuando el tratamiento es realizado con brackets met\u00e1licos se puede experimentar irritaci\u00f3n o molestia durante los primeros d\u00edas en lo que la mucosa de la boca se adapta , en tal caso se recomienda enjuagarse con agua tibia y sal, adem\u00e1s si alguno de los brackets o la punta del alambre raspan o molestan puedes colocarle cera de ortodoncia (la encuentras en farmacias o en la cl\u00ednica dental), algod\u00f3n h\u00famedo y llama a tu ortodoncista para que te diga como solucionarlo.<\/p>\n\n\n\n<p>PROTEGE TUS BRACKETS<\/p>\n\n\n\n<p>Trata de no comer dulces duros, crujientes o pegajosas. las cosas como dulces duros, nueves, cacahuates, caramelos o elote en mazorca puede da\u00f1ar los brackets. Lo mismo como masticar cosas como l\u00e1pices o hielo. SI se muerde de manera inadecuada, fuerte o descuidado se puede despegar un bracket o producirse dobleces en el alambre que podr\u00edan ocasionar movimientos inadecuados o atraso en el tratamiento.<\/p>\n\n\n\n<p>NO FALTAR A TUS CITAS<\/p>\n\n\n\n<p>Las citas de ajuste se realizan cada 4 semanas y son la clave para minimizar el tiempo y el gasto de tu tratamiento. mientras menos te ausentes m\u00e1s pronto tus dientes estar\u00e1n derechos. <\/p>\n\n\n\n<p>S\u00edguenos en <a href=\"https:\/\/www.facebook.com\/LourdesGarciaOrtodoncia\/?ref=aymt_homepage_panel&amp;eid=ARCXMlc9PVPXXG8rgi3wqoMEbCwJSx6ZJMeDnP4qIiP57KtBWXT41a6u0PD3LDzc-DoF00ZBPmRfR6pf\">Facebook<\/a><\/p>\n\n\n\n<p> <\/p>\n","protected":false},"excerpt":{"rendered":"<p>La ortodoncia es una rama de la odontolog\u00eda que trata la maloclusi\u00f3n, una condici\u00f3n en la cual los dientes no se encuentran correctamente posicionados cuando la boca se cierra, lo que provoca una mordida inapropiada. El tratamiento tiene como objetivo mejorar la funci\u00f3n masticatoria aunque a menudo se le considera solo de car\u00e1cter est\u00e9tico. Tipos &hellip; <\/p>\n","protected":false},"author":1,"featured_media":0,"parent":0,"menu_order":0,"comment_status":"closed","ping_status":"closed","template":"","meta":{"_monsterinsights_skip_tracking":false,"_monsterinsights_sitenote_active":false,"_monsterinsights_sitenote_note":"","_monsterinsights_sitenote_category":0,"_uf_show_specific_survey":0,"_uf_disable_surveys":false,"footnotes":""},"class_list":["post-70","page","type-page","status-publish","hentry"],"aioseo_notices":[],"jetpack_sharing_enabled":true,"jetpack_shortlink":"https:\/\/wp.me\/PaVZiL-18","_links":{"self":[{"href":"https:\/\/lourdesgarciaortodoncia.com\/index.php\/wp-json\/wp\/v2\/pages\/70","targetHints":{"allow":["GET"]}}],"collection":[{"href":"https:\/\/lourdesgarciaortodoncia.com\/index.php\/wp-json\/wp\/v2\/pages"}],"about":[{"href":"https:\/\/lourdesgarciaortodoncia.com\/index.php\/wp-json\/wp\/v2\/types\/page"}],"author":[{"embeddable":true,"href":"https:\/\/lourdesgarciaortodoncia.com\/index.php\/wp-json\/wp\/v2\/users\/1"}],"replies":[{"embeddable":true,"href":"https:\/\/lourdesgarciaortodoncia.com\/index.php\/wp-json\/wp\/v2\/comments?post=70"}],"version-history":[{"count":11,"href":"https:\/\/lourdesgarciaortodoncia.com\/index.php\/wp-json\/wp\/v2\/pages\/70\/revisions"}],"predecessor-version":[{"id":364,"href":"https:\/\/lourdesgarciaortodoncia.com\/index.php\/wp-json\/wp\/v2\/pages\/70\/revisions\/364"}],"wp:attachment":[{"href":"https:\/\/lourdesgarciaortodoncia.com\/index.php\/wp-json\/wp\/v2\/media?parent=70"}],"curies":[{"name":"wp","href":"https:\/\/api.w.org\/{rel}","templated":true}]}}