{"id":154,"date":"2019-07-18T20:28:17","date_gmt":"2019-07-18T20:28:17","guid":{"rendered":"http:\/\/lourdesgarciaortodoncia.com\/?page_id=154"},"modified":"2020-06-26T05:11:50","modified_gmt":"2020-06-26T05:11:50","slug":"acerca-de-nosotros","status":"publish","type":"page","link":"https:\/\/lourdesgarciaortodoncia.com\/index.php\/acerca-de-nosotros\/","title":{"rendered":"Acerca de nosotros"},"content":{"rendered":"\n<p>LourdesGarciaOrtodoncia es un consultorio dental especializado en tratamientos de ortopedia dental y ortodoncia.<\/p>\n\n\n\n<p>Nuestra misi\u00f3n es proporcionar tratamientos ortod\u00f3nticos completos, por lo que contamos con el apoyo de especialistas de todas las \u00e1reas para establecer tratamientos interdisciplinarios y personalizados de acuerdo a sus necesidades funcionales, est\u00e9ticas y econ\u00f3micas.<\/p>\n\n\n\n<p>Tambi\u00e9n contamos con instalaciones de f\u00e1cil ubicaci\u00f3n, c\u00f3modas y con un ambiente relajante.<\/p>\n\n\n\n<p><\/p>\n","protected":false},"excerpt":{"rendered":"<p>LourdesGarciaOrtodoncia es un consultorio dental especializado en tratamientos de ortopedia dental y ortodoncia. Nuestra misi\u00f3n es proporcionar tratamientos ortod\u00f3nticos completos, por lo que contamos con el apoyo de especialistas de todas las \u00e1reas para establecer tratamientos interdisciplinarios y personalizados de acuerdo a sus necesidades funcionales, est\u00e9ticas y econ\u00f3micas. Tambi\u00e9n contamos con instalaciones de f\u00e1cil ubicaci\u00f3n, &hellip; <\/p>\n","protected":false},"author":1,"featured_media":458,"parent":0,"menu_order":0,"comment_status":"closed","ping_status":"closed","template":"","meta":{"_monsterinsights_skip_tracking":false,"_monsterinsights_sitenote_active":false,"_monsterinsights_sitenote_note":"","_monsterinsights_sitenote_category":0,"_uf_show_specific_survey":0,"_uf_disable_surveys":false,"footnotes":""},"class_list":["post-154","page","type-page","status-publish","has-post-thumbnail","hentry"],"aioseo_notices":[],"jetpack_sharing_enabled":true,"jetpack_shortlink":"https:\/\/wp.me\/PaVZiL-2u","_links":{"self":[{"href":"https:\/\/lourdesgarciaortodoncia.com\/index.php\/wp-json\/wp\/v2\/pages\/154","targetHints":{"allow":["GET"]}}],"collection":[{"href":"https:\/\/lourdesgarciaortodoncia.com\/index.php\/wp-json\/wp\/v2\/pages"}],"about":[{"href":"https:\/\/lourdesgarciaortodoncia.com\/index.php\/wp-json\/wp\/v2\/types\/page"}],"author":[{"embeddable":true,"href":"https:\/\/lourdesgarciaortodoncia.com\/index.php\/wp-json\/wp\/v2\/users\/1"}],"replies":[{"embeddable":true,"href":"https:\/\/lourdesgarciaortodoncia.com\/index.php\/wp-json\/wp\/v2\/comments?post=154"}],"version-history":[{"count":8,"href":"https:\/\/lourdesgarciaortodoncia.com\/index.php\/wp-json\/wp\/v2\/pages\/154\/revisions"}],"predecessor-version":[{"id":227,"href":"https:\/\/lourdesgarciaortodoncia.com\/index.php\/wp-json\/wp\/v2\/pages\/154\/revisions\/227"}],"wp:featuredmedia":[{"embeddable":true,"href":"https:\/\/lourdesgarciaortodoncia.com\/index.php\/wp-json\/wp\/v2\/media\/458"}],"wp:attachment":[{"href":"https:\/\/lourdesgarciaortodoncia.com\/index.php\/wp-json\/wp\/v2\/media?parent=154"}],"curies":[{"name":"wp","href":"https:\/\/api.w.org\/{rel}","templated":true}]}}