{"id":150,"date":"2019-07-18T20:24:02","date_gmt":"2019-07-18T20:24:02","guid":{"rendered":"http:\/\/lourdesgarciaortodoncia.com\/?page_id=150"},"modified":"2019-07-25T03:42:00","modified_gmt":"2019-07-25T03:42:00","slug":"servicios","status":"publish","type":"page","link":"https:\/\/lourdesgarciaortodoncia.com\/index.php\/servicios\/","title":{"rendered":"Servicios"},"content":{"rendered":"\n<p>En LourdesGarciaOrtodoncia tenemos el mejor equipo de especialistas en el  \u00e1rea dental. <\/p>\n\n\n\n<p style=\"text-align:center\">ORTODONCIA, PERIODONCIA, REHABILITACI\u00d3N DENTAL (PR\u00d3TESIS DENTAL), ODONTOLOG\u00cdA INFANTIL, CIRUG\u00cdA BUCAL, ENDODONCIA e IMPLANTOLOG\u00cdA.<\/p>\n\n\n\n<p>Este equipo se encuentra en constante actualizaci\u00f3n para brindarle los m\u00e1s modernos tratamientos; por lo cual, usted puede estar seguro que se le ofrecer\u00e1n los mejores planes de tratamiento de acuerdo a sus necesidades y de forma interdisciplinaria.<\/p>\n","protected":false},"excerpt":{"rendered":"<p>En LourdesGarciaOrtodoncia tenemos el mejor equipo de especialistas en el \u00e1rea dental. ORTODONCIA, PERIODONCIA, REHABILITACI\u00d3N DENTAL (PR\u00d3TESIS DENTAL), ODONTOLOG\u00cdA INFANTIL, CIRUG\u00cdA BUCAL, ENDODONCIA e IMPLANTOLOG\u00cdA. Este equipo se encuentra en constante actualizaci\u00f3n para brindarle los m\u00e1s modernos tratamientos; por lo cual, usted puede estar seguro que se le ofrecer\u00e1n los mejores planes de tratamiento de &hellip; <\/p>\n","protected":false},"author":1,"featured_media":0,"parent":0,"menu_order":0,"comment_status":"closed","ping_status":"closed","template":"","meta":{"_monsterinsights_skip_tracking":false,"_monsterinsights_sitenote_active":false,"_monsterinsights_sitenote_note":"","_monsterinsights_sitenote_category":0,"_uf_show_specific_survey":0,"_uf_disable_surveys":false,"footnotes":""},"class_list":["post-150","page","type-page","status-publish","hentry"],"aioseo_notices":[],"jetpack_sharing_enabled":true,"jetpack_shortlink":"https:\/\/wp.me\/PaVZiL-2q","_links":{"self":[{"href":"https:\/\/lourdesgarciaortodoncia.com\/index.php\/wp-json\/wp\/v2\/pages\/150","targetHints":{"allow":["GET"]}}],"collection":[{"href":"https:\/\/lourdesgarciaortodoncia.com\/index.php\/wp-json\/wp\/v2\/pages"}],"about":[{"href":"https:\/\/lourdesgarciaortodoncia.com\/index.php\/wp-json\/wp\/v2\/types\/page"}],"author":[{"embeddable":true,"href":"https:\/\/lourdesgarciaortodoncia.com\/index.php\/wp-json\/wp\/v2\/users\/1"}],"replies":[{"embeddable":true,"href":"https:\/\/lourdesgarciaortodoncia.com\/index.php\/wp-json\/wp\/v2\/comments?post=150"}],"version-history":[{"count":4,"href":"https:\/\/lourdesgarciaortodoncia.com\/index.php\/wp-json\/wp\/v2\/pages\/150\/revisions"}],"predecessor-version":[{"id":228,"href":"https:\/\/lourdesgarciaortodoncia.com\/index.php\/wp-json\/wp\/v2\/pages\/150\/revisions\/228"}],"wp:attachment":[{"href":"https:\/\/lourdesgarciaortodoncia.com\/index.php\/wp-json\/wp\/v2\/media?parent=150"}],"curies":[{"name":"wp","href":"https:\/\/api.w.org\/{rel}","templated":true}]}}